{"id":421,"date":"2022-04-02T20:54:49","date_gmt":"2022-04-03T00:54:49","guid":{"rendered":"http:\/\/lacedrierebarbe.com\/\/?page_id=421"},"modified":"2023-04-27T11:53:24","modified_gmt":"2023-04-27T15:53:24","slug":"the-enterprise","status":"publish","type":"page","link":"https:\/\/lacedrierebarbe.com\/en\/the-enterprise\/","title":{"rendered":"The Enterprise"},"content":{"rendered":"<div class=\"wpb-content-wrapper\">[mk_page_section bg_image=&#8221;https:\/\/lacedrierebarbe.com\/wp-content\/uploads\/2022\/07\/acceuil.jpg&#8221; bg_position=&#8221;right center&#8221; bg_repeat=&#8221;no-repeat&#8221; bg_stretch=&#8221;true&#8221; min_height=&#8221;350&#8243; js_vertical_centered=&#8221;true&#8221; sidebar=&#8221;sidebar-1&#8243;][vc_column][mk_fancy_title tag_name=&#8221;h1&#8243; color=&#8221;#ffffff&#8221; size=&#8221;100&#8243; force_font_size=&#8221;true&#8221; size_tablet=&#8221;50&#8243; font_weight=&#8221;bold&#8221; txt_transform=&#8221;uppercase&#8221; margin_bottom=&#8221;0&#8243; font_family=&#8221;Lato&#8221; font_type=&#8221;google&#8221; align=&#8221;center&#8221; animation=&#8221;top-to-bottom&#8221;]The entreprise[\/mk_fancy_title][mk_fancy_title color=&#8221;#ffffff&#8221; size=&#8221;20&#8243; font_weight=&#8221;bold&#8221; txt_transform=&#8221;uppercase&#8221; letter_spacing=&#8221;4&#8243; margin_bottom=&#8221;0&#8243; font_family=&#8221;Lato&#8221; font_type=&#8221;google&#8221; align=&#8221;center&#8221; animation=&#8221;top-to-bottom&#8221;]Cedars grown in Laval[\/mk_fancy_title][\/vc_column][\/mk_page_section][vc_row][vc_column][mk_padding_divider size=&#8221;50&#8243;][\/vc_column][\/vc_row][vc_row equal_columns=&#8221;true&#8221; column_padding=&#8221;2&#8243; css=&#8221;.vc_custom_1649024005436{border-bottom-width: 80px !important;padding-top: 20px !important;padding-right: 50px !important;padding-left: 50px !important;}&#8221;][vc_column width=&#8221;7\/12&#8243;][vc_column_text css=&#8221;.vc_custom_1680267884165{margin-bottom: 0px !important;}&#8221;]On family land located west of Laval, in the Sainte Doroth\u00e9e district, La C\u00e9dri\u00e8re Barbe has been growing white cedar, also known as western cedar or Canadian cedar, since 1991. Over time, several other varieties of cedars were added to meet the growing demand from the ornamental horticulture industry. Today, more than 150,000 trees share 43 acres, on either side of Mont\u00e9e Champagne, on the magnificent Flower Route.<\/p>\n<p>White or black cedars, fastigiated or pyramidal, the choice is there. Quality too! For many decades, La C\u00e9dri\u00e8re Barbe has made it a point of pride to offer its customers the most beautiful specimens, from a sustainable and eco-responsible agriculture. \u00a0Over the years, the optimization of equipment and production techniques has allowed the company to distinguish itself within the industry.<\/p>\n<p>We have cedars from 3 to 8 feet high, depending on your needs and your budget. For environmental reasons and to facilitate handling, our cedars are sold mainly in sturdy pots with handles that we deposit. You can also purchase jute cedars and spit baskets to order.<\/p>\n[\/vc_column_text][vc_column_text css=&#8221;.vc_custom_1680267781414{margin-bottom: 0px !important;}&#8221;]La C\u00e9dri\u00e8re Barbe is a member of an agri-environmental round table in the city of Laval, and generously offers visits and workshops to training centers working in the field. Its team is made up of experienced horticulturists, and frequently collaborates with agronomists in order to offer its customers personalized service and high-quality products. Whether you are looking for single trunk cedars, dense cedar hedges or ornamental plants, La C\u00e9dri\u00e8re Barbe is committed to providing you with the best possible product.<\/p>\n<p>&nbsp;<\/p>\n<p>La C\u00e9dri\u00e8re Barbe is easily accessible via highways 13 and 440. We invite you to come visit us and it is with pleasure that we will present the result of hard work in constant progress.[\/vc_column_text][\/vc_column][vc_column width=&#8221;5\/12&#8243;][vc_masonry_media_grid element_width=&#8221;6&#8243; gap=&#8221;10&#8243; initial_loading_animation=&#8221;fadeIn&#8221; grid_id=&#8221;vc_gid:1682610715391-80dfd762-ec72-7&#8243; include=&#8221;524,2204,2202,394,800,867,410,1674&#8243;][\/vc_column][\/vc_row][vc_row fullwidth=&#8221;true&#8221; equal_columns=&#8221;true&#8221; attached=&#8221;true&#8221; column_padding=&#8221;2&#8243; css=&#8221;.vc_custom_1649024030830{margin-top: 50px !important;background-color: #ededed !important;}&#8221;][vc_column width=&#8221;1\/3&#8243; offset=&#8221;vc_col-lg-4 vc_col-md-12 vc_col-xs-12&#8243; el_class=&#8221;flex-wrap justify-center&#8221;][vc_row_inner el_class=&#8221;flex-wrap justify-center&#8221;][vc_column_inner width=&#8221;5\/12&#8243; offset=&#8221;vc_col-lg-5 vc_col-md-12 vc_col-xs-12&#8243;][mk_chart percent=&#8221;100&#8243; line_width=&#8221;6&#8243; bar_size=&#8221;208&#8243; content_type=&#8221;custom_text&#8221; custom_text=&#8221;20,000&#8243; custom_text_size=&#8221;18&#8243;][\/vc_column_inner][vc_column_inner width=&#8221;7\/12&#8243; offset=&#8221;vc_col-lg-7 vc_col-md-12 vc_col-xs-12&#8243; css=&#8221;.vc_custom_1649023285630{padding-top: 25px !important;}&#8221;][vc_column_text css=&#8221;.vc_custom_1649022346142{margin-bottom: 0px !important;}&#8221;]\n<h3>CEDARS SOLD EVERY YEAR<\/h3>\n<p>A passion for quality cedars passed on to thousands of satisfied Quebecois customers, year after year![\/vc_column_text][\/vc_column_inner][\/vc_row_inner][\/vc_column][vc_column width=&#8221;1\/3&#8243; offset=&#8221;vc_col-lg-4 vc_col-md-12 vc_col-xs-12&#8243; el_class=&#8221;flex-wrap justify-center&#8221;][vc_row_inner el_class=&#8221;flex-wrap justify-center&#8221;][vc_column_inner width=&#8221;5\/12&#8243; offset=&#8221;vc_col-lg-5 vc_col-md-12 vc_col-xs-12&#8243;][mk_chart percent=&#8221;100&#8243; line_width=&#8221;6&#8243; bar_size=&#8221;208&#8243; content_type=&#8221;custom_text&#8221; custom_text=&#8221;150,000&#8243; custom_text_size=&#8221;18&#8243;][\/vc_column_inner][vc_column_inner width=&#8221;7\/12&#8243; offset=&#8221;vc_col-lg-7 vc_col-md-12 vc_col-xs-12&#8243; css=&#8221;.vc_custom_1649023285630{padding-top: 25px !important;}&#8221;][vc_column_text css=&#8221;.vc_custom_1649023310159{margin-bottom: 0px !important;}&#8221;]\n<h3>QUALITY CEDARS<\/h3>\n<p>The area acquired over the years allows La C\u00e9dri\u00e8re Barbe to house a wide variety of cedars to meet the needs of all.[\/vc_column_text][\/vc_column_inner][\/vc_row_inner][\/vc_column][vc_column width=&#8221;1\/3&#8243; offset=&#8221;vc_col-lg-4 vc_col-md-12 vc_col-xs-12&#8243; el_class=&#8221;flex-wrap justify-center&#8221;][vc_row_inner el_class=&#8221;flex-wrap justify-center&#8221;][vc_column_inner width=&#8221;5\/12&#8243; offset=&#8221;vc_col-lg-5 vc_col-md-12 vc_col-xs-12&#8243;][mk_chart percent=&#8221;100&#8243; line_width=&#8221;6&#8243; bar_size=&#8221;208&#8243; content_type=&#8221;custom_text&#8221; custom_text=&#8221;10,000&#8243; custom_text_size=&#8221;18&#8243;][\/vc_column_inner][vc_column_inner width=&#8221;7\/12&#8243; offset=&#8221;vc_col-lg-7 vc_col-md-12 vc_col-xs-12&#8243; css=&#8221;.vc_custom_1649023285630{padding-top: 25px !important;}&#8221;][vc_column_text css=&#8221;.vc_custom_1649023346415{margin-bottom: 0px !important;}&#8221;]\n<h3>LINEAR FEET OF PLANTED CEDAR HEDGES EVERY YEAR<\/h3>\n<p>Our customers trust the quality of our cedars and that is also why they trust us to plant their trees.[\/vc_column_text][\/vc_column_inner][\/vc_row_inner][\/vc_column][\/vc_row][vc_row fullwidth=&#8221;true&#8221; equal_columns=&#8221;true&#8221; parallax=&#8221;content-moving-fade&#8221; animation=&#8221;top-to-bottom&#8221; css=&#8221;.vc_custom_1649021169327{margin-bottom: 0px !important;padding-top: 80px !important;padding-bottom: 80px !important;background: rgba(23,178,25,0.66) url(http:\/\/lacedrierebarbe.com\/\/wp-content\/uploads\/2022\/04\/background-cedre-laval-2-opti.jpg.jpg?id=391);*background-color: rgb(23,178,25) !important;}&#8221; el_class=&#8221;fullwidth-background-overlay&#8221;][vc_column width=&#8221;1\/6&#8243;][\/vc_column][vc_column width=&#8221;2\/3&#8243;][vc_cta h2=&#8221;GET A FREE QUOTE TODAY!&#8221; h4=&#8221;It\u2019s quick and easy!&#8221; txt_align=&#8221;center&#8221; shape=&#8221;square&#8221; style=&#8221;custom&#8221; add_button=&#8221;bottom&#8221; btn_title=&#8221;GET MY QUOTE NOW&#8221; btn_size=&#8221;lg&#8221; btn_align=&#8221;center&#8221; btn_i_icon_fontawesome=&#8221;far fa-envelope&#8221; btn_add_icon=&#8221;true&#8221; el_class=&#8221;custom-cta&#8221; custom_text=&#8221;#ffffff&#8221; btn_link=&#8221;url:https%3A%2F%2Flacedrierebarbe.com%2Fen%2Fonline-submission%2F&#8221;]<span class=\"text-white\">With our online submission form, we will be able to estimate the number of cedars that you need depending on the distance you have to cover. Choose from our large selection of cedars according to your needs.<br \/>\nOur experts will be happy to prepare your detailed estimate as soon as possible. Do not forget to visit the \u201cOnline Catalog\u201d section to consult our prices and the essentials products for the health of your cedars.<\/span>[\/vc_cta][\/vc_column][vc_column width=&#8221;1\/6&#8243;][\/vc_column][\/vc_row]\n<\/div>","protected":false},"excerpt":{"rendered":"<p>[mk_page_section bg_image=&#8221;https:\/\/lacedrierebarbe.com\/wp-content\/uploads\/2022\/07\/acceuil.jpg&#8221; bg_position=&#8221;right center&#8221; bg_repeat=&#8221;no-repeat&#8221; bg_stretch=&#8221;true&#8221; min_height=&#8221;350&#8243; js_vertical_centered=&#8221;true&#8221; sidebar=&#8221;sidebar-1&#8243;][vc_column][mk_fancy_title tag_name=&#8221;h1&#8243; color=&#8221;#ffffff&#8221; size=&#8221;100&#8243; force_font_size=&#8221;true&#8221; size_tablet=&#8221;50&#8243; font_weight=&#8221;bold&#8221; txt_transform=&#8221;uppercase&#8221; margin_bottom=&#8221;0&#8243; font_family=&#8221;Lato&#8221; font_type=&#8221;google&#8221; align=&#8221;center&#8221; animation=&#8221;top-to-bottom&#8221;]The entreprise[\/mk_fancy_title][mk_fancy_title color=&#8221;#ffffff&#8221; size=&#8221;20&#8243; font_weight=&#8221;bold&#8221; txt_transform=&#8221;uppercase&#8221; letter_spacing=&#8221;4&#8243; margin_bottom=&#8221;0&#8243; font_family=&#8221;Lato&#8221; font_type=&#8221;google&#8221; align=&#8221;center&#8221; animation=&#8221;top-to-bottom&#8221;]Cedars grown in Laval[\/mk_fancy_title][\/vc_column][\/mk_page_section][vc_row][vc_column][mk_padding_divider size=&#8221;50&#8243;][\/vc_column][\/vc_row][vc_row equal_columns=&#8221;true&#8221; column_padding=&#8221;2&#8243; css=&#8221;.vc_custom_1649024005436{border-bottom-width: 80px !important;padding-top: 20px !important;padding-right: 50px !important;padding-left: 50px !important;}&#8221;][vc_column width=&#8221;7\/12&#8243;][vc_column_text css=&#8221;.vc_custom_1680267884165{margin-bottom: 0px !important;}&#8221;]On family land located west [&hellip;]<\/p>\n","protected":false},"author":1,"featured_media":0,"parent":0,"menu_order":0,"comment_status":"closed","ping_status":"closed","template":"","meta":{"nf_dc_page":"","footnotes":""},"class_list":["post-421","page","type-page","status-publish","hentry"],"yoast_head":"<!-- This site is optimized with the Yoast SEO plugin v27.4 - https:\/\/yoast.com\/product\/yoast-seo-wordpress\/ -->\n<title>The Enterprise - La C\u00e9dri\u00e8re Barbe<\/title>\n<meta name=\"robots\" content=\"index, follow, max-snippet:-1, max-image-preview:large, max-video-preview:-1\" \/>\n<link rel=\"canonical\" href=\"https:\/\/lacedrierebarbe.com\/en\/the-enterprise\/\" \/>\n<meta property=\"og:locale\" content=\"en_US\" \/>\n<meta property=\"og:type\" content=\"article\" \/>\n<meta property=\"og:title\" content=\"The Enterprise - La C\u00e9dri\u00e8re Barbe\" \/>\n<meta property=\"og:description\" content=\"[mk_page_section bg_image=&#8221;https:\/\/lacedrierebarbe.com\/wp-content\/uploads\/2022\/07\/acceuil.jpg&#8221; bg_position=&#8221;right center&#8221; bg_repeat=&#8221;no-repeat&#8221; bg_stretch=&#8221;true&#8221; min_height=&#8221;350&#8243; js_vertical_centered=&#8221;true&#8221; sidebar=&#8221;sidebar-1&#8243;][vc_column][mk_fancy_title tag_name=&#8221;h1&#8243; color=&#8221;#ffffff&#8221; size=&#8221;100&#8243; force_font_size=&#8221;true&#8221; size_tablet=&#8221;50&#8243; font_weight=&#8221;bold&#8221; txt_transform=&#8221;uppercase&#8221; margin_bottom=&#8221;0&#8243; font_family=&#8221;Lato&#8221; font_type=&#8221;google&#8221; align=&#8221;center&#8221; animation=&#8221;top-to-bottom&#8221;]The entreprise[\/mk_fancy_title][mk_fancy_title color=&#8221;#ffffff&#8221; size=&#8221;20&#8243; font_weight=&#8221;bold&#8221; txt_transform=&#8221;uppercase&#8221; letter_spacing=&#8221;4&#8243; margin_bottom=&#8221;0&#8243; font_family=&#8221;Lato&#8221; font_type=&#8221;google&#8221; align=&#8221;center&#8221; animation=&#8221;top-to-bottom&#8221;]Cedars grown in Laval[\/mk_fancy_title][\/vc_column][\/mk_page_section][vc_row][vc_column][mk_padding_divider size=&#8221;50&#8243;][\/vc_column][\/vc_row][vc_row equal_columns=&#8221;true&#8221; column_padding=&#8221;2&#8243; css=&#8221;.vc_custom_1649024005436{border-bottom-width: 80px !important;padding-top: 20px !important;padding-right: 50px !important;padding-left: 50px !important;}&#8221;][vc_column width=&#8221;7\/12&#8243;][vc_column_text css=&#8221;.vc_custom_1680267884165{margin-bottom: 0px !important;}&#8221;]On family land located west [&hellip;]\" \/>\n<meta property=\"og:url\" content=\"https:\/\/lacedrierebarbe.com\/en\/the-enterprise\/\" \/>\n<meta property=\"og:site_name\" content=\"La C\u00e9dri\u00e8re Barbe\" \/>\n<meta property=\"article:publisher\" content=\"https:\/\/www.facebook.com\/lacedrierebarbeinc\" \/>\n<meta property=\"article:modified_time\" content=\"2023-04-27T15:53:24+00:00\" \/>\n<meta name=\"twitter:card\" content=\"summary_large_image\" \/>\n<meta name=\"twitter:label1\" content=\"Est. reading time\" \/>\n\t<meta name=\"twitter:data1\" content=\"5 minutes\" \/>\n<script type=\"application\/ld+json\" class=\"yoast-schema-graph\">{\"@context\":\"https:\\\/\\\/schema.org\",\"@graph\":[{\"@type\":\"WebPage\",\"@id\":\"https:\\\/\\\/lacedrierebarbe.com\\\/en\\\/the-enterprise\\\/\",\"url\":\"https:\\\/\\\/lacedrierebarbe.com\\\/en\\\/the-enterprise\\\/\",\"name\":\"The Enterprise - La C\u00e9dri\u00e8re Barbe\",\"isPartOf\":{\"@id\":\"https:\\\/\\\/lacedrierebarbe.com\\\/en\\\/#website\"},\"datePublished\":\"2022-04-03T00:54:49+00:00\",\"dateModified\":\"2023-04-27T15:53:24+00:00\",\"breadcrumb\":{\"@id\":\"https:\\\/\\\/lacedrierebarbe.com\\\/en\\\/the-enterprise\\\/#breadcrumb\"},\"inLanguage\":\"en-US\",\"potentialAction\":[{\"@type\":\"ReadAction\",\"target\":[\"https:\\\/\\\/lacedrierebarbe.com\\\/en\\\/the-enterprise\\\/\"]}]},{\"@type\":\"BreadcrumbList\",\"@id\":\"https:\\\/\\\/lacedrierebarbe.com\\\/en\\\/the-enterprise\\\/#breadcrumb\",\"itemListElement\":[{\"@type\":\"ListItem\",\"position\":1,\"name\":\"Accueil\",\"item\":\"https:\\\/\\\/lacedrierebarbe.com\\\/en\\\/\"},{\"@type\":\"ListItem\",\"position\":2,\"name\":\"The Enterprise\"}]},{\"@type\":\"WebSite\",\"@id\":\"https:\\\/\\\/lacedrierebarbe.com\\\/en\\\/#website\",\"url\":\"https:\\\/\\\/lacedrierebarbe.com\\\/en\\\/\",\"name\":\"La C\u00e9dri\u00e8re Barbe\",\"description\":\"Cedar Hedges produced in Laval !\",\"publisher\":{\"@id\":\"https:\\\/\\\/lacedrierebarbe.com\\\/en\\\/#organization\"},\"potentialAction\":[{\"@type\":\"SearchAction\",\"target\":{\"@type\":\"EntryPoint\",\"urlTemplate\":\"https:\\\/\\\/lacedrierebarbe.com\\\/en\\\/?s={search_term_string}\"},\"query-input\":{\"@type\":\"PropertyValueSpecification\",\"valueRequired\":true,\"valueName\":\"search_term_string\"}}],\"inLanguage\":\"en-US\"},{\"@type\":\"Organization\",\"@id\":\"https:\\\/\\\/lacedrierebarbe.com\\\/en\\\/#organization\",\"name\":\"La C\u00e9dri\u00e8re Barbe\",\"url\":\"https:\\\/\\\/lacedrierebarbe.com\\\/en\\\/\",\"logo\":{\"@type\":\"ImageObject\",\"inLanguage\":\"en-US\",\"@id\":\"https:\\\/\\\/lacedrierebarbe.com\\\/en\\\/#\\\/schema\\\/logo\\\/image\\\/\",\"url\":\"https:\\\/\\\/i0.wp.com\\\/lacedrierebarbe.com\\\/wp-content\\\/uploads\\\/2023\\\/04\\\/logo-cedrierebarbe-header-c.png?fit=253%2C150&ssl=1\",\"contentUrl\":\"https:\\\/\\\/i0.wp.com\\\/lacedrierebarbe.com\\\/wp-content\\\/uploads\\\/2023\\\/04\\\/logo-cedrierebarbe-header-c.png?fit=253%2C150&ssl=1\",\"width\":253,\"height\":150,\"caption\":\"La C\u00e9dri\u00e8re Barbe\"},\"image\":{\"@id\":\"https:\\\/\\\/lacedrierebarbe.com\\\/en\\\/#\\\/schema\\\/logo\\\/image\\\/\"},\"sameAs\":[\"https:\\\/\\\/www.facebook.com\\\/lacedrierebarbeinc\",\"https:\\\/\\\/www.instagram.com\\\/lacedrierebarbe\\\/\"]}]}<\/script>\n<!-- \/ Yoast SEO plugin. -->","yoast_head_json":{"title":"The Enterprise - La C\u00e9dri\u00e8re Barbe","robots":{"index":"index","follow":"follow","max-snippet":"max-snippet:-1","max-image-preview":"max-image-preview:large","max-video-preview":"max-video-preview:-1"},"canonical":"https:\/\/lacedrierebarbe.com\/en\/the-enterprise\/","og_locale":"en_US","og_type":"article","og_title":"The Enterprise - La C\u00e9dri\u00e8re Barbe","og_description":"[mk_page_section bg_image=&#8221;https:\/\/lacedrierebarbe.com\/wp-content\/uploads\/2022\/07\/acceuil.jpg&#8221; bg_position=&#8221;right center&#8221; bg_repeat=&#8221;no-repeat&#8221; bg_stretch=&#8221;true&#8221; min_height=&#8221;350&#8243; js_vertical_centered=&#8221;true&#8221; sidebar=&#8221;sidebar-1&#8243;][vc_column][mk_fancy_title tag_name=&#8221;h1&#8243; color=&#8221;#ffffff&#8221; size=&#8221;100&#8243; force_font_size=&#8221;true&#8221; size_tablet=&#8221;50&#8243; font_weight=&#8221;bold&#8221; txt_transform=&#8221;uppercase&#8221; margin_bottom=&#8221;0&#8243; font_family=&#8221;Lato&#8221; font_type=&#8221;google&#8221; align=&#8221;center&#8221; animation=&#8221;top-to-bottom&#8221;]The entreprise[\/mk_fancy_title][mk_fancy_title color=&#8221;#ffffff&#8221; size=&#8221;20&#8243; font_weight=&#8221;bold&#8221; txt_transform=&#8221;uppercase&#8221; letter_spacing=&#8221;4&#8243; margin_bottom=&#8221;0&#8243; font_family=&#8221;Lato&#8221; font_type=&#8221;google&#8221; align=&#8221;center&#8221; animation=&#8221;top-to-bottom&#8221;]Cedars grown in Laval[\/mk_fancy_title][\/vc_column][\/mk_page_section][vc_row][vc_column][mk_padding_divider size=&#8221;50&#8243;][\/vc_column][\/vc_row][vc_row equal_columns=&#8221;true&#8221; column_padding=&#8221;2&#8243; css=&#8221;.vc_custom_1649024005436{border-bottom-width: 80px !important;padding-top: 20px !important;padding-right: 50px !important;padding-left: 50px !important;}&#8221;][vc_column width=&#8221;7\/12&#8243;][vc_column_text css=&#8221;.vc_custom_1680267884165{margin-bottom: 0px !important;}&#8221;]On family land located west [&hellip;]","og_url":"https:\/\/lacedrierebarbe.com\/en\/the-enterprise\/","og_site_name":"La C\u00e9dri\u00e8re Barbe","article_publisher":"https:\/\/www.facebook.com\/lacedrierebarbeinc","article_modified_time":"2023-04-27T15:53:24+00:00","twitter_card":"summary_large_image","twitter_misc":{"Est. reading time":"5 minutes"},"schema":{"@context":"https:\/\/schema.org","@graph":[{"@type":"WebPage","@id":"https:\/\/lacedrierebarbe.com\/en\/the-enterprise\/","url":"https:\/\/lacedrierebarbe.com\/en\/the-enterprise\/","name":"The Enterprise - La C\u00e9dri\u00e8re Barbe","isPartOf":{"@id":"https:\/\/lacedrierebarbe.com\/en\/#website"},"datePublished":"2022-04-03T00:54:49+00:00","dateModified":"2023-04-27T15:53:24+00:00","breadcrumb":{"@id":"https:\/\/lacedrierebarbe.com\/en\/the-enterprise\/#breadcrumb"},"inLanguage":"en-US","potentialAction":[{"@type":"ReadAction","target":["https:\/\/lacedrierebarbe.com\/en\/the-enterprise\/"]}]},{"@type":"BreadcrumbList","@id":"https:\/\/lacedrierebarbe.com\/en\/the-enterprise\/#breadcrumb","itemListElement":[{"@type":"ListItem","position":1,"name":"Accueil","item":"https:\/\/lacedrierebarbe.com\/en\/"},{"@type":"ListItem","position":2,"name":"The Enterprise"}]},{"@type":"WebSite","@id":"https:\/\/lacedrierebarbe.com\/en\/#website","url":"https:\/\/lacedrierebarbe.com\/en\/","name":"La C\u00e9dri\u00e8re Barbe","description":"Cedar Hedges produced in Laval !","publisher":{"@id":"https:\/\/lacedrierebarbe.com\/en\/#organization"},"potentialAction":[{"@type":"SearchAction","target":{"@type":"EntryPoint","urlTemplate":"https:\/\/lacedrierebarbe.com\/en\/?s={search_term_string}"},"query-input":{"@type":"PropertyValueSpecification","valueRequired":true,"valueName":"search_term_string"}}],"inLanguage":"en-US"},{"@type":"Organization","@id":"https:\/\/lacedrierebarbe.com\/en\/#organization","name":"La C\u00e9dri\u00e8re Barbe","url":"https:\/\/lacedrierebarbe.com\/en\/","logo":{"@type":"ImageObject","inLanguage":"en-US","@id":"https:\/\/lacedrierebarbe.com\/en\/#\/schema\/logo\/image\/","url":"https:\/\/i0.wp.com\/lacedrierebarbe.com\/wp-content\/uploads\/2023\/04\/logo-cedrierebarbe-header-c.png?fit=253%2C150&ssl=1","contentUrl":"https:\/\/i0.wp.com\/lacedrierebarbe.com\/wp-content\/uploads\/2023\/04\/logo-cedrierebarbe-header-c.png?fit=253%2C150&ssl=1","width":253,"height":150,"caption":"La C\u00e9dri\u00e8re Barbe"},"image":{"@id":"https:\/\/lacedrierebarbe.com\/en\/#\/schema\/logo\/image\/"},"sameAs":["https:\/\/www.facebook.com\/lacedrierebarbeinc","https:\/\/www.instagram.com\/lacedrierebarbe\/"]}]}},"_links":{"self":[{"href":"https:\/\/lacedrierebarbe.com\/en\/wp-json\/wp\/v2\/pages\/421","targetHints":{"allow":["GET"]}}],"collection":[{"href":"https:\/\/lacedrierebarbe.com\/en\/wp-json\/wp\/v2\/pages"}],"about":[{"href":"https:\/\/lacedrierebarbe.com\/en\/wp-json\/wp\/v2\/types\/page"}],"author":[{"embeddable":true,"href":"https:\/\/lacedrierebarbe.com\/en\/wp-json\/wp\/v2\/users\/1"}],"replies":[{"embeddable":true,"href":"https:\/\/lacedrierebarbe.com\/en\/wp-json\/wp\/v2\/comments?post=421"}],"version-history":[{"count":20,"href":"https:\/\/lacedrierebarbe.com\/en\/wp-json\/wp\/v2\/pages\/421\/revisions"}],"predecessor-version":[{"id":2557,"href":"https:\/\/lacedrierebarbe.com\/en\/wp-json\/wp\/v2\/pages\/421\/revisions\/2557"}],"wp:attachment":[{"href":"https:\/\/lacedrierebarbe.com\/en\/wp-json\/wp\/v2\/media?parent=421"}],"curies":[{"name":"wp","href":"https:\/\/api.w.org\/{rel}","templated":true}]}}